{"id":3079,"date":"2025-02-18T21:07:00","date_gmt":"2025-02-18T21:07:00","guid":{"rendered":"https:\/\/egeszsegugyimarketing.hu\/positive-health-and-care\/?page_id=3079"},"modified":"2025-07-17T10:47:25","modified_gmt":"2025-07-17T10:47:25","slug":"workshopok","status":"publish","type":"page","link":"https:\/\/egeszsegugyimarketing.hu\/positive-health-and-care\/workshopok\/","title":{"rendered":"Workshopok"},"content":{"rendered":"\t\t<div data-elementor-type=\"wp-page\" data-elementor-id=\"3079\" class=\"elementor elementor-3079\" data-elementor-post-type=\"page\">\n\t\t\t\t<div class=\"elementor-element elementor-element-2599af3 e-flex e-con-boxed e-con e-parent\" data-id=\"2599af3\" data-element_type=\"container\">\n\t\t\t\t\t<div class=\"e-con-inner\">\n\t\t<div class=\"elementor-element elementor-element-f65d84f e-con-full e-flex e-con e-child\" data-id=\"f65d84f\" data-element_type=\"container\">\n\t\t\t\t<div class=\"elementor-element elementor-element-f4bbf96 elementor-widget elementor-widget-heading\" data-id=\"f4bbf96\" data-element_type=\"widget\" data-widget_type=\"heading.default\">\n\t\t\t\t<div class=\"elementor-widget-container\">\n\t\t\t\t\t<h2 class=\"elementor-heading-title elementor-size-default\">Positive Health &amp; Care I <br>\nWorkshopok<\/h2>\t\t\t\t<\/div>\n\t\t\t\t<\/div>\n\t\t\t\t<\/div>\n\t\t<div class=\"elementor-element elementor-element-79244ce e-con-full e-flex e-con e-child\" data-id=\"79244ce\" data-element_type=\"container\">\n\t\t\t\t<div class=\"elementor-element elementor-element-e1710ef elementor-widget elementor-widget-image\" data-id=\"e1710ef\" data-element_type=\"widget\" data-widget_type=\"image.default\">\n\t\t\t\t<div class=\"elementor-widget-container\">\n\t\t\t\t\t\t\t\t\t\t\t\t\t\t\t<img fetchpriority=\"high\" decoding=\"async\" width=\"1422\" height=\"801\" src=\"https:\/\/egeszsegugyimarketing.hu\/positive-health-and-care\/wp-content\/uploads\/2025\/02\/workshop.webp\" class=\"attachment-full size-full wp-image-3135\" alt=\"\" srcset=\"https:\/\/egeszsegugyimarketing.hu\/positive-health-and-care\/wp-content\/uploads\/2025\/02\/workshop.webp 1422w, https:\/\/egeszsegugyimarketing.hu\/positive-health-and-care\/wp-content\/uploads\/2025\/02\/workshop-600x338.webp 600w, https:\/\/egeszsegugyimarketing.hu\/positive-health-and-care\/wp-content\/uploads\/2025\/02\/workshop-300x169.webp 300w, https:\/\/egeszsegugyimarketing.hu\/positive-health-and-care\/wp-content\/uploads\/2025\/02\/workshop-1024x577.webp 1024w, https:\/\/egeszsegugyimarketing.hu\/positive-health-and-care\/wp-content\/uploads\/2025\/02\/workshop-768x433.webp 768w\" sizes=\"(max-width: 1422px) 100vw, 1422px\" \/>\t\t\t\t\t\t\t\t\t\t\t\t\t\t\t<\/div>\n\t\t\t\t<\/div>\n\t\t\t\t<\/div>\n\t\t\t\t\t<\/div>\n\t\t\t\t<\/div>\n\t\t<div class=\"elementor-element elementor-element-99a0020 e-flex e-con-boxed e-con e-parent\" data-id=\"99a0020\" data-element_type=\"container\">\n\t\t\t\t\t<div class=\"e-con-inner\">\n\t\t<div class=\"elementor-element elementor-element-dcd6905 e-con-full e-flex e-con e-child\" data-id=\"dcd6905\" data-element_type=\"container\" data-settings=\"{&quot;background_background&quot;:&quot;classic&quot;}\">\n\t\t\t\t<div class=\"elementor-element elementor-element-46cbefe elementor-widget elementor-widget-heading\" data-id=\"46cbefe\" data-element_type=\"widget\" data-widget_type=\"heading.default\">\n\t\t\t\t<div class=\"elementor-widget-container\">\n\t\t\t\t\t<h2 class=\"elementor-heading-title elementor-size-default\">Az eg\u00e9szs\u00e9g\u00fcgy folyamatosan v\u00e1ltozik \u2013 <br>\ntartson l\u00e9p\u00e9st workshopjainkon!<\/h2>\t\t\t\t<\/div>\n\t\t\t\t<\/div>\n\t\t\t\t<div class=\"elementor-element elementor-element-b278ee8 elementor-widget elementor-widget-button\" data-id=\"b278ee8\" data-element_type=\"widget\" data-widget_type=\"button.default\">\n\t\t\t\t<div class=\"elementor-widget-container\">\n\t\t\t\t\t\t\t\t\t<div class=\"elementor-button-wrapper\">\n\t\t\t\t\t<a class=\"elementor-button elementor-button-link elementor-size-sm\" href=\"#aktualis-workshop\">\n\t\t\t\t\t\t<span class=\"elementor-button-content-wrapper\">\n\t\t\t\t\t\t\t\t\t<span class=\"elementor-button-text\">Aktu\u00e1lis workshopok<\/span>\n\t\t\t\t\t<\/span>\n\t\t\t\t\t<\/a>\n\t\t\t\t<\/div>\n\t\t\t\t\t\t\t\t<\/div>\n\t\t\t\t<\/div>\n\t\t\t\t<\/div>\n\t\t<div class=\"elementor-element elementor-element-707d3c3 e-con-full e-flex e-con e-child\" data-id=\"707d3c3\" data-element_type=\"container\">\n\t\t\t\t<div class=\"elementor-element elementor-element-59cc41e elementor-absolute elementor-widget elementor-widget-html\" data-id=\"59cc41e\" data-element_type=\"widget\" data-settings=\"{&quot;_position&quot;:&quot;absolute&quot;}\" data-widget_type=\"html.default\">\n\t\t\t\t<div class=\"elementor-widget-container\">\n\t\t\t\t\t<div class=\"vertical-line\"><\/div>\n\n\t\t\t\t<\/div>\n\t\t\t\t<\/div>\n\t\t\t\t<div class=\"elementor-element elementor-element-07827da elementor-widget elementor-widget-heading\" data-id=\"07827da\" data-element_type=\"widget\" data-widget_type=\"heading.default\">\n\t\t\t\t<div class=\"elementor-widget-container\">\n\t\t\t\t\t<p class=\"elementor-heading-title elementor-size-default\">Gyakorlatk\u00f6zpont\u00fa szemin\u00e1riumok az eg\u00e9szs\u00e9g\u00fcgyben<\/p>\t\t\t\t<\/div>\n\t\t\t\t<\/div>\n\t\t\t\t<div class=\"elementor-element elementor-element-bbe0875 elementor-widget elementor-widget-heading\" data-id=\"bbe0875\" data-element_type=\"widget\" data-widget_type=\"heading.default\">\n\t\t\t\t<div class=\"elementor-widget-container\">\n\t\t\t\t\t<h2 class=\"elementor-heading-title elementor-size-default\">Szakmai tr\u00e9ning<\/h2>\t\t\t\t<\/div>\n\t\t\t\t<\/div>\n\t\t\t\t<div class=\"elementor-element elementor-element-5cf0623 elementor-widget elementor-widget-heading\" data-id=\"5cf0623\" data-element_type=\"widget\" data-widget_type=\"heading.default\">\n\t\t\t\t<div class=\"elementor-widget-container\">\n\t\t\t\t\t<p class=\"elementor-heading-title elementor-size-default\">Fejlessze tud\u00e1s\u00e1t \u00e9s \u00e9p\u00edtse kapcsolatait eg\u00e9szs\u00e9g\u00fcgyi workshopjainkon!<\/p>\t\t\t\t<\/div>\n\t\t\t\t<\/div>\n\t\t\t\t<div class=\"elementor-element elementor-element-efe94c9 elementor-widget elementor-widget-text-editor\" data-id=\"efe94c9\" data-element_type=\"widget\" data-widget_type=\"text-editor.default\">\n\t\t\t\t<div class=\"elementor-widget-container\">\n\t\t\t\t\t\t\t\t\t<p>Naprak\u00e9sz tud\u00e1s, gyakorlati megold\u00e1sok \u00e9s szakmai kapcsolatok \u2013 eg\u00e9szs\u00e9g\u00fcgyi workshopjainkon olyan t\u00e9m\u00e1kban m\u00e9ly\u00fclhet el, amelyek val\u00f3di \u00fczleti \u00e9s szakmai el\u0151nyt jelentenek. Ak\u00e1r a p\u00e1ciens\u00e9lm\u00e9ny n\u00f6vel\u00e9s\u00e9re, az employer branding fejleszt\u00e9s\u00e9re vagy a LinkedIn szakmai haszn\u00e1lat\u00e1ra k\u00edv\u00e1ncsi, tr\u00e9ningjeink seg\u00edtenek abban, hogy rendel\u0151je vagy int\u00e9zm\u00e9nye a digit\u00e1lis \u00e9s szakmai t\u00e9rben is kiemelked\u0151 legyen.<\/p><p>Workshopjainkon\u00a0az eg\u00e9szs\u00e9g\u00fcgyi szektor vezet\u0151 szakemberei tal\u00e1lkoznak, lehet\u0151s\u00e9get teremtve a tapasztalatcser\u00e9re \u00e9s a k\u00f6z\u00f6s neh\u00e9zs\u00e9gek \u00e1tgondol\u00e1s\u00e1ra. Az esem\u00e9nyek nemcsak a tud\u00e1smegoszt\u00e1sr\u00f3l sz\u00f3lnak, hanem az \u00faj szakmai kapcsolatok \u00e9p\u00edt\u00e9s\u00e9r\u0151l is, hogy rendel\u0151je vagy int\u00e9zm\u00e9nye egy m\u00e9g er\u0151sebb szakmai k\u00f6z\u00f6ss\u00e9g r\u00e9sz\u00e9v\u00e9 v\u00e1lhasson.<\/p><p><strong>Helysz\u00edn: 1062 Budapest, D\u00e9lib\u00e1b utca 29.<\/strong> Positive Adamsky sz\u00e9kh\u00e1z<\/p>\t\t\t\t\t\t\t\t<\/div>\n\t\t\t\t<\/div>\n\t\t\t\t<\/div>\n\t\t\t\t\t<\/div>\n\t\t\t\t<\/div>\n\t\t<div class=\"elementor-element elementor-element-51399bf e-con-full e-flex e-con e-parent\" data-id=\"51399bf\" data-element_type=\"container\">\n\t\t<div class=\"elementor-element elementor-element-1b69645 e-con-full e-flex e-con e-child\" data-id=\"1b69645\" data-element_type=\"container\" data-settings=\"{&quot;background_background&quot;:&quot;classic&quot;}\">\n\t\t\t\t<div class=\"elementor-element elementor-element-df75f83 elementor-widget elementor-widget-image\" data-id=\"df75f83\" data-element_type=\"widget\" data-widget_type=\"image.default\">\n\t\t\t\t<div class=\"elementor-widget-container\">\n\t\t\t\t\t\t\t\t\t\t\t\t\t\t\t<img decoding=\"async\" width=\"1920\" height=\"1290\" src=\"https:\/\/egeszsegugyimarketing.hu\/positive-health-and-care\/wp-content\/uploads\/2025\/07\/186750e9f6388186382eb92979e24ba060dda525.webp\" class=\"attachment-full size-full wp-image-4370\" alt=\"\" srcset=\"https:\/\/egeszsegugyimarketing.hu\/positive-health-and-care\/wp-content\/uploads\/2025\/07\/186750e9f6388186382eb92979e24ba060dda525.webp 1920w, https:\/\/egeszsegugyimarketing.hu\/positive-health-and-care\/wp-content\/uploads\/2025\/07\/186750e9f6388186382eb92979e24ba060dda525-300x202.webp 300w, https:\/\/egeszsegugyimarketing.hu\/positive-health-and-care\/wp-content\/uploads\/2025\/07\/186750e9f6388186382eb92979e24ba060dda525-1024x688.webp 1024w, https:\/\/egeszsegugyimarketing.hu\/positive-health-and-care\/wp-content\/uploads\/2025\/07\/186750e9f6388186382eb92979e24ba060dda525-768x516.webp 768w, https:\/\/egeszsegugyimarketing.hu\/positive-health-and-care\/wp-content\/uploads\/2025\/07\/186750e9f6388186382eb92979e24ba060dda525-1536x1032.webp 1536w, https:\/\/egeszsegugyimarketing.hu\/positive-health-and-care\/wp-content\/uploads\/2025\/07\/186750e9f6388186382eb92979e24ba060dda525-600x403.webp 600w\" sizes=\"(max-width: 1920px) 100vw, 1920px\" \/>\t\t\t\t\t\t\t\t\t\t\t\t\t\t\t<\/div>\n\t\t\t\t<\/div>\n\t\t\t\t<div class=\"elementor-element elementor-element-f3705fb elementor-absolute elementor-widget elementor-widget-image\" data-id=\"f3705fb\" data-element_type=\"widget\" data-settings=\"{&quot;_position&quot;:&quot;absolute&quot;}\" data-widget_type=\"image.default\">\n\t\t\t\t<div class=\"elementor-widget-container\">\n\t\t\t\t\t\t\t\t\t\t\t\t\t\t\t<img decoding=\"async\" width=\"800\" height=\"163\" src=\"https:\/\/egeszsegugyimarketing.hu\/positive-health-and-care\/wp-content\/uploads\/2025\/02\/Aktualis-1024x209.webp\" class=\"attachment-large size-large wp-image-3089\" alt=\"\" srcset=\"https:\/\/egeszsegugyimarketing.hu\/positive-health-and-care\/wp-content\/uploads\/2025\/02\/Aktualis-1024x209.webp 1024w, https:\/\/egeszsegugyimarketing.hu\/positive-health-and-care\/wp-content\/uploads\/2025\/02\/Aktualis-600x122.webp 600w, https:\/\/egeszsegugyimarketing.hu\/positive-health-and-care\/wp-content\/uploads\/2025\/02\/Aktualis-300x61.webp 300w, https:\/\/egeszsegugyimarketing.hu\/positive-health-and-care\/wp-content\/uploads\/2025\/02\/Aktualis-768x156.webp 768w, https:\/\/egeszsegugyimarketing.hu\/positive-health-and-care\/wp-content\/uploads\/2025\/02\/Aktualis.webp 1183w\" sizes=\"(max-width: 800px) 100vw, 800px\" \/>\t\t\t\t\t\t\t\t\t\t\t\t\t\t\t<\/div>\n\t\t\t\t<\/div>\n\t\t<div class=\"elementor-element elementor-element-3e1fd2a e-con-full e-flex e-con e-child\" data-id=\"3e1fd2a\" data-element_type=\"container\" data-settings=\"{&quot;background_background&quot;:&quot;classic&quot;,&quot;position&quot;:&quot;absolute&quot;}\">\n\t\t\t\t<div class=\"elementor-element elementor-element-366ef9d elementor-widget__width-initial elementor-widget elementor-widget-heading\" data-id=\"366ef9d\" data-element_type=\"widget\" data-widget_type=\"heading.default\">\n\t\t\t\t<div class=\"elementor-widget-container\">\n\t\t\t\t\t<h2 class=\"elementor-heading-title elementor-size-default\">1+1 WORKSHOP\nP\u00c1CIENS\u00c9LM\u00c9NY-TERVEZ\u00c9S &amp; EMPLOYER BRANDING<\/h2>\t\t\t\t<\/div>\n\t\t\t\t<\/div>\n\t\t\t\t<div class=\"elementor-element elementor-element-22fb6bf elementor-widget elementor-widget-text-editor\" data-id=\"22fb6bf\" data-element_type=\"widget\" data-widget_type=\"text-editor.default\">\n\t\t\t\t<div class=\"elementor-widget-container\">\n\t\t\t\t\t\t\t\t\t<p><strong>2025. augusztus 27-28.\u00a0\u20281062 Budapest, D\u00e9lib\u00e1b utca 29.\u2028<\/strong>(Positive Adamsky sz\u00e9kh\u00e1z)<\/p>\t\t\t\t\t\t\t\t<\/div>\n\t\t\t\t<\/div>\n\t\t\t\t<div class=\"elementor-element elementor-element-71717b0 elementor-widget elementor-widget-text-editor\" data-id=\"71717b0\" data-element_type=\"widget\" data-widget_type=\"text-editor.default\">\n\t\t\t\t<div class=\"elementor-widget-container\">\n\t\t\t\t\t\t\t\t\t<p>Mi t\u00f6rt\u00e9nik, ha a p\u00e1ciens\u00e9lm\u00e9nyt \u00e9s a munk\u00e1ltat\u00f3i \u00e9lm\u00e9nyt nem k\u00fcl\u00f6n-kezelj\u00fck, hanem egy\u00fctt \u00e9p\u00edtj\u00fck be a szervezetbe?\u00a0<br \/>Egy komplex, gyakorlati megk\u00f6zel\u00edt\u00e9s, ahol a p\u00e1ciens\u00e9lm\u00e9ny \u00e9s a munkat\u00e1rsak elk\u00f6telezetts\u00e9ge k\u00e9z a k\u00e9zben j\u00e1r.<\/p><p>R\u00e1ad\u00e1sul most k\u00e9t napnyi tud\u00e1st kapsz egy workshop \u00e1r\u00e1\u00e9rt \u2013 1+1 aj\u00e1nlat, ne maradj le!<\/p>\t\t\t\t\t\t\t\t<\/div>\n\t\t\t\t<\/div>\n\t\t\t\t<div class=\"elementor-element elementor-element-622eba0 elementor-widget elementor-widget-button\" data-id=\"622eba0\" data-element_type=\"widget\" data-widget_type=\"button.default\">\n\t\t\t\t<div class=\"elementor-widget-container\">\n\t\t\t\t\t\t\t\t\t<div class=\"elementor-button-wrapper\">\n\t\t\t\t\t<a class=\"elementor-button elementor-button-link elementor-size-sm\" href=\"https:\/\/egeszsegugyimarketing.hu\/positive-health-and-care\/workshop-11\/\">\n\t\t\t\t\t\t<span class=\"elementor-button-content-wrapper\">\n\t\t\t\t\t\t\t\t\t<span class=\"elementor-button-text\">B\u0151vebben<\/span>\n\t\t\t\t\t<\/span>\n\t\t\t\t\t<\/a>\n\t\t\t\t<\/div>\n\t\t\t\t\t\t\t\t<\/div>\n\t\t\t\t<\/div>\n\t\t\t\t<\/div>\n\t\t\t\t<\/div>\n\t\t<div class=\"elementor-element elementor-element-c3ec7d1 e-con-full e-flex e-con e-child\" data-id=\"c3ec7d1\" data-element_type=\"container\" data-settings=\"{&quot;background_background&quot;:&quot;classic&quot;}\">\n\t\t\t\t<div class=\"elementor-element elementor-element-8941d89 elementor-widget elementor-widget-image\" data-id=\"8941d89\" data-element_type=\"widget\" data-widget_type=\"image.default\">\n\t\t\t\t<div class=\"elementor-widget-container\">\n\t\t\t\t\t\t\t\t\t\t\t\t\t\t\t<img loading=\"lazy\" decoding=\"async\" width=\"294\" height=\"841\" src=\"https:\/\/egeszsegugyimarketing.hu\/positive-health-and-care\/wp-content\/uploads\/2025\/02\/workshop3.webp\" class=\"attachment-large size-large wp-image-3075\" alt=\"\" srcset=\"https:\/\/egeszsegugyimarketing.hu\/positive-health-and-care\/wp-content\/uploads\/2025\/02\/workshop3.webp 294w, https:\/\/egeszsegugyimarketing.hu\/positive-health-and-care\/wp-content\/uploads\/2025\/02\/workshop3-105x300.webp 105w\" sizes=\"(max-width: 294px) 100vw, 294px\" \/>\t\t\t\t\t\t\t\t\t\t\t\t\t\t\t<\/div>\n\t\t\t\t<\/div>\n\t\t\t\t<\/div>\n\t\t\t\t<\/div>\n\t\t<div class=\"elementor-element elementor-element-0fb7ff7 e-flex e-con-boxed e-con e-parent\" data-id=\"0fb7ff7\" data-element_type=\"container\">\n\t\t\t\t\t<div class=\"e-con-inner\">\n\t\t\t\t<div class=\"elementor-element elementor-element-83390e0 elementor-widget elementor-widget-menu-anchor\" data-id=\"83390e0\" data-element_type=\"widget\" data-widget_type=\"menu-anchor.default\">\n\t\t\t\t<div class=\"elementor-widget-container\">\n\t\t\t\t\t\t\t<div class=\"elementor-menu-anchor\" id=\"aktualis-workshop\"><\/div>\n\t\t\t\t\t\t<\/div>\n\t\t\t\t<\/div>\n\t\t\t\t<div class=\"elementor-element elementor-element-08b4b31 elementor-widget elementor-widget-heading\" data-id=\"08b4b31\" data-element_type=\"widget\" data-widget_type=\"heading.default\">\n\t\t\t\t<div class=\"elementor-widget-container\">\n\t\t\t\t\t<h2 class=\"elementor-heading-title elementor-size-default\">Workshopjaink<\/h2>\t\t\t\t<\/div>\n\t\t\t\t<\/div>\n\t\t\t\t<div class=\"elementor-element elementor-element-b93315c elementor-hidden-desktop elementor-hidden-tablet elementor-widget-divider--view-line elementor-widget elementor-widget-divider\" data-id=\"b93315c\" data-element_type=\"widget\" data-widget_type=\"divider.default\">\n\t\t\t\t<div class=\"elementor-widget-container\">\n\t\t\t\t\t\t\t<div class=\"elementor-divider\">\n\t\t\t<span class=\"elementor-divider-separator\">\n\t\t\t\t\t\t<\/span>\n\t\t<\/div>\n\t\t\t\t\t\t<\/div>\n\t\t\t\t<\/div>\n\t\t\t\t<div class=\"elementor-element elementor-element-16f8954 elementor-widget elementor-widget-html\" data-id=\"16f8954\" data-element_type=\"widget\" data-widget_type=\"html.default\">\n\t\t\t\t<div class=\"elementor-widget-container\">\n\t\t\t\t\t<div class=\"custom-divider\">\n    <span class=\"line\"><\/span>\n    <span class=\"text\">TUD\u00c1S, STRAT\u00c9GIA, KAPCSOLAT\u00c9P\u00cdT\u00c9S<\/span>\n<\/div>\t\t\t\t<\/div>\n\t\t\t\t<\/div>\n\t\t\t\t\t<\/div>\n\t\t\t\t<\/div>\n\t\t<div class=\"elementor-element elementor-element-04f4750 e-flex e-con-boxed e-con e-parent\" data-id=\"04f4750\" data-element_type=\"container\">\n\t\t\t\t\t<div class=\"e-con-inner\">\n\t\t<div class=\"elementor-element elementor-element-5d1db4e e-con-full e-flex e-con e-child\" data-id=\"5d1db4e\" data-element_type=\"container\" data-settings=\"{&quot;animation&quot;:&quot;none&quot;}\">\n\t\t<div class=\"elementor-element elementor-element-dc822d4 e-con-full e-flex e-con e-child\" data-id=\"dc822d4\" data-element_type=\"container\" data-settings=\"{&quot;background_background&quot;:&quot;classic&quot;}\">\n\t\t<div class=\"elementor-element elementor-element-ae65425 e-con-full e-flex e-con e-child\" data-id=\"ae65425\" data-element_type=\"container\" data-settings=\"{&quot;background_background&quot;:&quot;classic&quot;}\">\n\t\t\t\t<div class=\"elementor-element elementor-element-95fb5b8 elementor-widget elementor-widget-heading\" data-id=\"95fb5b8\" data-element_type=\"widget\" data-widget_type=\"heading.default\">\n\t\t\t\t<div class=\"elementor-widget-container\">\n\t\t\t\t\t<h2 class=\"elementor-heading-title elementor-size-default\">P\u00e1ciens\u00e9lm\u00e9ny -tervez\u00e9s workshop<\/h2>\t\t\t\t<\/div>\n\t\t\t\t<\/div>\n\t\t\t\t<div class=\"elementor-element elementor-element-77cafde elementor-widget elementor-widget-text-editor\" data-id=\"77cafde\" data-element_type=\"widget\" data-widget_type=\"text-editor.default\">\n\t\t\t\t<div class=\"elementor-widget-container\">\n\t\t\t\t\t\t\t\t\t<p>A\u00a0P\u00e1ciens\u00e9lm\u00e9ny-tervez\u00e9s workshop\u00a0arra f\u00f3kusz\u00e1l, hogyan tehet\u0151 a beteg\u00fat minden \u00e9rintkez\u00e9si pontja g\u00f6rd\u00fcl\u00e9kenny\u00e9 \u00e9s p\u00e1ciensk\u00f6zpont\u00fav\u00e1. A r\u00e9sztvev\u0151k megismerik azokat a m\u00f3dszereket, amelyekkel\u00a0n\u00f6velhet\u0151 a p\u00e1ciensek el\u00e9gedetts\u00e9ge, bizalma \u00e9s lojalit\u00e1sa.<\/p>\t\t\t\t\t\t\t\t<\/div>\n\t\t\t\t<\/div>\n\t\t\t\t<div class=\"elementor-element elementor-element-3409e8b elementor-widget elementor-widget-button\" data-id=\"3409e8b\" data-element_type=\"widget\" data-widget_type=\"button.default\">\n\t\t\t\t<div class=\"elementor-widget-container\">\n\t\t\t\t\t\t\t\t\t<div class=\"elementor-button-wrapper\">\n\t\t\t\t\t<a class=\"elementor-button elementor-button-link elementor-size-sm\" href=\"https:\/\/pacienselmenytervezes.hu\/\">\n\t\t\t\t\t\t<span class=\"elementor-button-content-wrapper\">\n\t\t\t\t\t\t\t\t\t<span class=\"elementor-button-text\">B\u0151vebben<\/span>\n\t\t\t\t\t<\/span>\n\t\t\t\t\t<\/a>\n\t\t\t\t<\/div>\n\t\t\t\t\t\t\t\t<\/div>\n\t\t\t\t<\/div>\n\t\t\t\t<\/div>\n\t\t\t\t<\/div>\n\t\t\t\t<\/div>\n\t\t<div class=\"elementor-element elementor-element-5edc6f4 e-con-full e-flex e-con e-child\" data-id=\"5edc6f4\" data-element_type=\"container\">\n\t\t<div class=\"elementor-element elementor-element-a5984fc e-con-full e-flex e-con e-child\" data-id=\"a5984fc\" data-element_type=\"container\" data-settings=\"{&quot;background_background&quot;:&quot;classic&quot;}\">\n\t\t<div class=\"elementor-element elementor-element-782b083 e-con-full e-flex e-con e-child\" data-id=\"782b083\" data-element_type=\"container\" data-settings=\"{&quot;background_background&quot;:&quot;classic&quot;}\">\n\t\t\t\t<div class=\"elementor-element elementor-element-f4e246b elementor-widget elementor-widget-heading\" data-id=\"f4e246b\" data-element_type=\"widget\" data-widget_type=\"heading.default\">\n\t\t\t\t<div class=\"elementor-widget-container\">\n\t\t\t\t\t<h2 class=\"elementor-heading-title elementor-size-default\">LinkedIn az eg\u00e9szs\u00e9g\u00fcgyben workshop<\/h2>\t\t\t\t<\/div>\n\t\t\t\t<\/div>\n\t\t\t\t<div class=\"elementor-element elementor-element-5bf2c5d elementor-widget elementor-widget-text-editor\" data-id=\"5bf2c5d\" data-element_type=\"widget\" data-widget_type=\"text-editor.default\">\n\t\t\t\t<div class=\"elementor-widget-container\">\n\t\t\t\t\t\t\t\t\t<p>A k\u00e9pz\u00e9s sor\u00e1n megmutatjuk, hogyan lehet a LinkedIn-t tudatosan haszn\u00e1lni a szakmai hiteless\u00e9g n\u00f6vel\u00e9s\u00e9re, \u00faj p\u00e1ciensek \u00e9s szakmai kapcsolatok megszerz\u00e9s\u00e9re, valamint a munk\u00e1ltat\u00f3i m\u00e1rka er\u0151s\u00edt\u00e9s\u00e9re.<\/p>\t\t\t\t\t\t\t\t<\/div>\n\t\t\t\t<\/div>\n\t\t\t\t<div class=\"elementor-element elementor-element-45f3e8a elementor-widget elementor-widget-button\" data-id=\"45f3e8a\" data-element_type=\"widget\" data-widget_type=\"button.default\">\n\t\t\t\t<div class=\"elementor-widget-container\">\n\t\t\t\t\t\t\t\t\t<div class=\"elementor-button-wrapper\">\n\t\t\t\t\t<a class=\"elementor-button elementor-button-link elementor-size-sm\" href=\"https:\/\/pacienselmenytervezes.hu\/linkedin-az-egeszsegugyben\/\">\n\t\t\t\t\t\t<span class=\"elementor-button-content-wrapper\">\n\t\t\t\t\t\t\t\t\t<span class=\"elementor-button-text\">B\u0151vebben<\/span>\n\t\t\t\t\t<\/span>\n\t\t\t\t\t<\/a>\n\t\t\t\t<\/div>\n\t\t\t\t\t\t\t\t<\/div>\n\t\t\t\t<\/div>\n\t\t\t\t<\/div>\n\t\t\t\t<\/div>\n\t\t\t\t<\/div>\n\t\t<div class=\"elementor-element elementor-element-a23cf12 e-con-full e-flex e-con e-child\" data-id=\"a23cf12\" data-element_type=\"container\">\n\t\t<div class=\"elementor-element elementor-element-dc200f5 e-con-full e-flex e-con e-child\" data-id=\"dc200f5\" data-element_type=\"container\" data-settings=\"{&quot;background_background&quot;:&quot;classic&quot;}\">\n\t\t<div class=\"elementor-element elementor-element-b676a4a e-con-full e-flex e-con e-child\" data-id=\"b676a4a\" data-element_type=\"container\" data-settings=\"{&quot;background_background&quot;:&quot;classic&quot;}\">\n\t\t\t\t<div class=\"elementor-element elementor-element-41f595b elementor-widget elementor-widget-heading\" data-id=\"41f595b\" data-element_type=\"widget\" data-widget_type=\"heading.default\">\n\t\t\t\t<div class=\"elementor-widget-container\">\n\t\t\t\t\t<h2 class=\"elementor-heading-title elementor-size-default\">Employer branding workshop<\/h2>\t\t\t\t<\/div>\n\t\t\t\t<\/div>\n\t\t\t\t<div class=\"elementor-element elementor-element-34e29ce elementor-widget elementor-widget-text-editor\" data-id=\"34e29ce\" data-element_type=\"widget\" data-widget_type=\"text-editor.default\">\n\t\t\t\t<div class=\"elementor-widget-container\">\n\t\t\t\t\t\t\t\t\t<p>Az eg\u00e9szs\u00e9g\u00fcgyi int\u00e9zm\u00e9nyek sz\u00e1m\u00e1ra kiemelten fontos, hogy vonz\u00f3 munkahelyi k\u00f6rnyezetet teremtsenek \u00e9s megtarts\u00e1k a legjobb szakembereket. Egy er\u0151s munk\u00e1ltat\u00f3i m\u00e1rka seg\u00edti a toborz\u00e1st, cs\u00f6kkenti a fluktu\u00e1ci\u00f3t \u00e9s hossz\u00fa t\u00e1von n\u00f6veli a szervezet h\u00edrnev\u00e9t<\/p>\t\t\t\t\t\t\t\t<\/div>\n\t\t\t\t<\/div>\n\t\t\t\t<div class=\"elementor-element elementor-element-2a4a815 elementor-widget elementor-widget-button\" data-id=\"2a4a815\" data-element_type=\"widget\" data-widget_type=\"button.default\">\n\t\t\t\t<div class=\"elementor-widget-container\">\n\t\t\t\t\t\t\t\t\t<div class=\"elementor-button-wrapper\">\n\t\t\t\t\t<a class=\"elementor-button elementor-button-link elementor-size-sm\" href=\"https:\/\/pacienselmenytervezes.hu\/employer-branding\/\">\n\t\t\t\t\t\t<span class=\"elementor-button-content-wrapper\">\n\t\t\t\t\t\t\t\t\t<span class=\"elementor-button-text\">B\u0151vebben<\/span>\n\t\t\t\t\t<\/span>\n\t\t\t\t\t<\/a>\n\t\t\t\t<\/div>\n\t\t\t\t\t\t\t\t<\/div>\n\t\t\t\t<\/div>\n\t\t\t\t<\/div>\n\t\t\t\t<\/div>\n\t\t\t\t<\/div>\n\t\t\t\t\t<\/div>\n\t\t\t\t<\/div>\n\t\t\t\t<\/div>\n\t\t","protected":false},"excerpt":{"rendered":"<p>Positive Health &amp; Care I Workshopok Az eg\u00e9szs\u00e9g\u00fcgy folyamatosan v\u00e1ltozik \u2013 tartson l\u00e9p\u00e9st workshopjainkon! Aktu\u00e1lis workshopok Gyakorlatk\u00f6zpont\u00fa szemin\u00e1riumok az eg\u00e9szs\u00e9g\u00fcgyben Szakmai tr\u00e9ning Fejlessze tud\u00e1s\u00e1t \u00e9s \u00e9p\u00edtse kapcsolatait eg\u00e9szs\u00e9g\u00fcgyi workshopjainkon! Naprak\u00e9sz tud\u00e1s, gyakorlati megold\u00e1sok \u00e9s szakmai kapcsolatok \u2013 eg\u00e9szs\u00e9g\u00fcgyi workshopjainkon olyan t\u00e9m\u00e1kban m\u00e9ly\u00fclhet el, amelyek val\u00f3di \u00fczleti \u00e9s szakmai el\u0151nyt jelentenek. Ak\u00e1r a p\u00e1ciens\u00e9lm\u00e9ny n\u00f6vel\u00e9s\u00e9re, az [&hellip;]<\/p>\n","protected":false},"author":1,"featured_media":0,"parent":0,"menu_order":0,"comment_status":"closed","ping_status":"closed","template":"elementor_header_footer","meta":{"footnotes":""},"categories":[],"tags":[],"class_list":["post-3079","page","type-page","status-publish","hentry"],"_links":{"self":[{"href":"https:\/\/egeszsegugyimarketing.hu\/positive-health-and-care\/wp-json\/wp\/v2\/pages\/3079","targetHints":{"allow":["GET"]}}],"collection":[{"href":"https:\/\/egeszsegugyimarketing.hu\/positive-health-and-care\/wp-json\/wp\/v2\/pages"}],"about":[{"href":"https:\/\/egeszsegugyimarketing.hu\/positive-health-and-care\/wp-json\/wp\/v2\/types\/page"}],"author":[{"embeddable":true,"href":"https:\/\/egeszsegugyimarketing.hu\/positive-health-and-care\/wp-json\/wp\/v2\/users\/1"}],"replies":[{"embeddable":true,"href":"https:\/\/egeszsegugyimarketing.hu\/positive-health-and-care\/wp-json\/wp\/v2\/comments?post=3079"}],"version-history":[{"count":0,"href":"https:\/\/egeszsegugyimarketing.hu\/positive-health-and-care\/wp-json\/wp\/v2\/pages\/3079\/revisions"}],"wp:attachment":[{"href":"https:\/\/egeszsegugyimarketing.hu\/positive-health-and-care\/wp-json\/wp\/v2\/media?parent=3079"}],"wp:term":[{"taxonomy":"category","embeddable":true,"href":"https:\/\/egeszsegugyimarketing.hu\/positive-health-and-care\/wp-json\/wp\/v2\/categories?post=3079"},{"taxonomy":"post_tag","embeddable":true,"href":"https:\/\/egeszsegugyimarketing.hu\/positive-health-and-care\/wp-json\/wp\/v2\/tags?post=3079"}],"curies":[{"name":"wp","href":"https:\/\/api.w.org\/{rel}","templated":true}]}}